{"id":45,"date":"2020-05-14T18:05:04","date_gmt":"2020-05-14T17:05:04","guid":{"rendered":"https:\/\/majericon.com\/?post_type=product&#038;p=45"},"modified":"2025-09-15T22:24:58","modified_gmt":"2025-09-15T21:24:58","slug":"lisboa_o_guia_ilustrado","status":"publish","type":"product","link":"https:\/\/majericon.com\/pt\/product\/lisboa_o_guia_ilustrado\/","title":{"rendered":"Lisboa o guia ilustrado"},"content":{"rendered":"<p><strong>Lisboa o guia ilustrado<\/strong> \u00e9 um dicion\u00e1rio visual que cont\u00e9m ilustra\u00e7\u00f5es a tinta com aguarela dos muitos elementos \u00fanicos que d\u00e3o a Lisboa a sua identidade. O livro encontra-se organizado por temas, desde os seus s\u00edmbolos inconfund\u00edveis e figuras famosas, at\u00e9 aos pratos dos restaurantes e \u00e0 sua impressionante arquitetura.<\/p>\n<p>Autor: Amir-Alexandros Afendras<\/p>\n<p>27.5 x 18.5 x 1.2 cm | 46 pages | Hard Cover | ISBN 9789892069692<\/p>","protected":false},"excerpt":{"rendered":"<p><span data-sheets-root=\"1\" data-sheets-value=\"{&quot;1&quot;:2,&quot;2&quot;:&quot;An illustrated guide to the city of Lisbon in watercolour and pen. &quot;}\" data-sheets-userformat=\"{&quot;2&quot;:897,&quot;3&quot;:{&quot;1&quot;:0},&quot;10&quot;:0,&quot;11&quot;:4,&quot;12&quot;:0}\">Um guia ilustrada a aquarela e caneta sobre a cidade de Lisboa. <\/span><\/p>","protected":false},"featured_media":49,"comment_status":"closed","ping_status":"closed","template":"","meta":{"nf_dc_page":"","_monsterinsights_skip_tracking":false,"_monsterinsights_sitenote_active":false,"_monsterinsights_sitenote_note":"","_monsterinsights_sitenote_category":0,"neve_meta_sidebar":"","neve_meta_container":"","neve_meta_enable_content_width":"off","neve_meta_content_width":70,"neve_meta_title_alignment":"","neve_meta_author_avatar":"","neve_post_elements_order":"","neve_meta_disable_header":"","neve_meta_disable_footer":"","neve_meta_disable_title":"","_themeisle_gutenberg_block_has_review":false,"jetpack_post_was_ever_published":false,"jetpack_publicize_message":"","jetpack_publicize_feature_enabled":true,"jetpack_social_post_already_shared":false,"jetpack_social_options":{"image_generator_settings":{"template":"highway","default_image_id":0,"font":"","enabled":false},"version":2}},"product_brand":[],"product_cat":[15,16],"product_tag":[96,41,28,136,43,150,29,149,20,27,18,92,26,23,148,151,135,36],"class_list":{"0":"post-45","1":"product","2":"type-product","3":"status-publish","4":"has-post-thumbnail","6":"product_cat-all","7":"product_cat-book","8":"product_tag-amir-alexandros-afendras","9":"product_tag-art","10":"product_tag-book","11":"product_tag-guia-ilustrado","12":"product_tag-guide","13":"product_tag-illustrated-guide","14":"product_tag-illustration","15":"product_tag-language","16":"product_tag-lisboa","17":"product_tag-lisbon","18":"product_tag-livro","19":"product_tag-majericon","20":"product_tag-photography","21":"product_tag-portugal","22":"product_tag-portuguese","23":"product_tag-travel-guide","24":"product_tag-visual-guide","25":"product_tag-watercolour","27":"first","28":"outofstock","29":"shipping-taxable","30":"purchasable","31":"product-type-simple"},"aioseo_notices":[],"jetpack_publicize_connections":[],"jetpack_sharing_enabled":true,"_links":{"self":[{"href":"https:\/\/majericon.com\/pt\/wp-json\/wp\/v2\/product\/45","targetHints":{"allow":["GET"]}}],"collection":[{"href":"https:\/\/majericon.com\/pt\/wp-json\/wp\/v2\/product"}],"about":[{"href":"https:\/\/majericon.com\/pt\/wp-json\/wp\/v2\/types\/product"}],"replies":[{"embeddable":true,"href":"https:\/\/majericon.com\/pt\/wp-json\/wp\/v2\/comments?post=45"}],"wp:featuredmedia":[{"embeddable":true,"href":"https:\/\/majericon.com\/pt\/wp-json\/wp\/v2\/media\/49"}],"wp:attachment":[{"href":"https:\/\/majericon.com\/pt\/wp-json\/wp\/v2\/media?parent=45"}],"wp:term":[{"taxonomy":"product_brand","embeddable":true,"href":"https:\/\/majericon.com\/pt\/wp-json\/wp\/v2\/product_brand?post=45"},{"taxonomy":"product_cat","embeddable":true,"href":"https:\/\/majericon.com\/pt\/wp-json\/wp\/v2\/product_cat?post=45"},{"taxonomy":"product_tag","embeddable":true,"href":"https:\/\/majericon.com\/pt\/wp-json\/wp\/v2\/product_tag?post=45"}],"curies":[{"name":"wp","href":"https:\/\/api.w.org\/{rel}","templated":true}]}}