{"id":1176,"date":"2022-08-25T17:54:47","date_gmt":"2022-08-25T16:54:47","guid":{"rendered":"https:\/\/majericon.com\/?post_type=product&#038;p=1176"},"modified":"2025-11-28T10:58:00","modified_gmt":"2025-11-28T09:58:00","slug":"arturpastor","status":"publish","type":"product","link":"https:\/\/majericon.com\/pt\/product\/arturpastor\/","title":{"rendered":"Artur Pastor \u2013 Portugal pa\u00eds de contrastes"},"content":{"rendered":"<p>A selec\u00e7\u00e3o das imagens neste livro \u00e9 um levantamento etnogr\u00e1fico exaustivo onde encontramos os trabalhos agr\u00edcolas, as fainas da pesca, o artesanato e os seus of\u00edcios, as feiras e os mercados, as festas populares, a ind\u00fastria, a arquitetura, as paisagens urbanas ou rurais e as suas pessoas. Deixe embalar-se nesta viagem pelo tempo e descubra um Portugal j\u00e1 desaparecido mas ainda presente na mem\u00f3ria dos que o viveram atrav\u00e9s da lente de um dos grandes nomes da fotografia.<\/p>\n<p>Author: Artur Pastor<\/p>\n<p>Co-edi\u00e7\u00e3o da Majericon e a C\u00e2mara Municipal de Lisboa.<\/p>\n<p>22,6 x 22,7 x 2,5 cm | 264 pages | 1250 g | Hardcover | \u00a0ISBN 9789893336533<\/p>\n<p>Textos em Portugu\u00eas, Ingl\u00eas e Franc\u00eas<\/p>","protected":false},"excerpt":{"rendered":"<p><em>Artur Pastor \u2013 Portugal land of contrasts [Artur Pastor \u2013 Portugal pa\u00eds de contrastes]<\/em><\/p>\n<p><span style=\"color: #626262;\">A photographic tour that takes us from the interior to the coast, the countryside to the city, the ancient to the modern, invoking Pastor\u2019s ambivalent restlessness through his own images. Contains 250 black and white photographs.<\/span><\/p>\n","protected":false},"featured_media":1195,"comment_status":"closed","ping_status":"closed","template":"","meta":{"nf_dc_page":"","_monsterinsights_skip_tracking":false,"_monsterinsights_sitenote_active":false,"_monsterinsights_sitenote_note":"","_monsterinsights_sitenote_category":0,"neve_meta_sidebar":"","neve_meta_container":"contained","neve_meta_enable_content_width":"off","neve_meta_content_width":100,"neve_meta_title_alignment":"","neve_meta_author_avatar":"","neve_post_elements_order":"","neve_meta_disable_header":"","neve_meta_disable_footer":"","neve_meta_disable_title":"","_themeisle_gutenberg_block_has_review":false,"jetpack_post_was_ever_published":false,"jetpack_publicize_message":"","jetpack_publicize_feature_enabled":true,"jetpack_social_post_already_shared":false,"jetpack_social_options":{"image_generator_settings":{"template":"highway","default_image_id":0,"font":"","enabled":false},"version":2}},"product_brand":[],"product_cat":[15,16,130],"product_tag":[128,146,28,19,20,27,18,92,26,23,132,147],"class_list":{"0":"post-1176","1":"product","2":"type-product","3":"status-publish","4":"has-post-thumbnail","6":"product_cat-all","7":"product_cat-book","8":"product_cat-photobook","9":"product_tag-artur-pastor","10":"product_tag-black-and-white","11":"product_tag-book","12":"product_tag-fotografia","13":"product_tag-lisboa","14":"product_tag-lisbon","15":"product_tag-livro","16":"product_tag-majericon","17":"product_tag-photography","18":"product_tag-portugal","19":"product_tag-portugal-pais-de-contrastes","20":"product_tag-preto-e-branco","22":"first","23":"instock","24":"shipping-taxable","25":"purchasable","26":"product-type-simple"},"aioseo_notices":[],"jetpack_publicize_connections":[],"jetpack_sharing_enabled":true,"_links":{"self":[{"href":"https:\/\/majericon.com\/pt\/wp-json\/wp\/v2\/product\/1176","targetHints":{"allow":["GET"]}}],"collection":[{"href":"https:\/\/majericon.com\/pt\/wp-json\/wp\/v2\/product"}],"about":[{"href":"https:\/\/majericon.com\/pt\/wp-json\/wp\/v2\/types\/product"}],"replies":[{"embeddable":true,"href":"https:\/\/majericon.com\/pt\/wp-json\/wp\/v2\/comments?post=1176"}],"wp:featuredmedia":[{"embeddable":true,"href":"https:\/\/majericon.com\/pt\/wp-json\/wp\/v2\/media\/1195"}],"wp:attachment":[{"href":"https:\/\/majericon.com\/pt\/wp-json\/wp\/v2\/media?parent=1176"}],"wp:term":[{"taxonomy":"product_brand","embeddable":true,"href":"https:\/\/majericon.com\/pt\/wp-json\/wp\/v2\/product_brand?post=1176"},{"taxonomy":"product_cat","embeddable":true,"href":"https:\/\/majericon.com\/pt\/wp-json\/wp\/v2\/product_cat?post=1176"},{"taxonomy":"product_tag","embeddable":true,"href":"https:\/\/majericon.com\/pt\/wp-json\/wp\/v2\/product_tag?post=1176"}],"curies":[{"name":"wp","href":"https:\/\/api.w.org\/{rel}","templated":true}]}}