{"id":2409,"date":"2024-01-19T20:45:31","date_gmt":"2024-01-19T19:45:31","guid":{"rendered":"https:\/\/majericon.com\/?page_id=2409"},"modified":"2024-01-22T12:19:03","modified_gmt":"2024-01-22T11:19:03","slug":"privacy_policy","status":"publish","type":"page","link":"https:\/\/majericon.com\/pt\/policy_privacy","title":{"rendered":"Pol\u00edtica de Privacidade"},"content":{"rendered":"<h4 class=\"wp-block-heading\">1. Responsabilidade pelas informa\u00e7\u00f5es que coletamos sobre voc\u00ea<\/h4>\n\n\n\n<p class=\"\">Majericon \u00e9 propriedade de Jos\u00e9 Fernando M\u00edguez Veiras, com morada na Rua do Cardal da Gra\u00e7a, 3, em Lisboa a, e com n\u00famero de identifica\u00e7\u00e3o fiscal 264707419, doravante designada como Majericon, \u00e9 a respons\u00e1vel pela recolha da sua informa\u00e7\u00e3o pessoal, comprometendo-se a utiliz\u00e1-la respeitando a sua privacidade e a Pol\u00edtica de Protec\u00e7\u00e3o de Dados.<\/p>\n\n\n\n<h4 class=\"wp-block-heading\">2. Dados Pessoais<\/h4>\n\n\n\n<p class=\"\">Majericon n\u00e3o recolhe dados pessoais, a menos que queira voluntariamente faz\u00ea-lo. Voc\u00ea pode faz\u00ea-lo preenchendo um formul\u00e1rio de inscri\u00e7\u00e3o. Quando envia dados para Majericon, registando-se ou comprando produtos, est\u00e1 a consentir-nos de utilizar os seus dados, respeitando a Pol\u00edtica de Protec\u00e7\u00e3o de Dados.<\/p>\n\n\n\n<h4 class=\"wp-block-heading\">3. Cookies<\/h4>\n\n\n\n<p class=\"\">Majericon utiliza cookies com os seguintes prop\u00f3sitos: para evitar o preenchimento de todas as informa\u00e7\u00f5es toda vez que o usu\u00e1rio fizer o login; estimar o n\u00famero de usu\u00e1rios online e personalizar a experi\u00eancia do site de acordo com as prefer\u00eancias do usu\u00e1rio.<\/p>\n\n\n\n<h4 class=\"wp-block-heading\">4. O uso das informa\u00e7\u00f5es que coletamos sobre voc\u00ea<\/h4>\n\n\n\n<p class=\"\">Os seus dados pessoais s\u00e3o utilizados com os seguintes fins: para lhe fornecer informa\u00e7\u00f5es sobre os nossos produtos, servi\u00e7os ou eventos, relacionados com Majericon; pedir que voc\u00ea preencha uma pequena pesquisa para que possamos descobrir como voc\u00ea se sentiu sobre o uso do servi\u00e7o; fazer Majericon \u201cmarketing\u201d; para atender \u00e0s necessidades operacionais essenciais enquanto cumpre o seu pedido. Os dados tamb\u00e9m podem ser usados para outros objetivos adicionais em rela\u00e7\u00e3o ao objetivo principal que eles foram coletados em primeiro lugar.<\/p>\n\n\n\n<h4 class=\"wp-block-heading\">5. Terceiros<\/h4>\n\n\n\n<p class=\"\">Majericon nunca vai vender ou transferir seus dados para terceiros para fins de marketing. No entanto, h\u00e1 ocasi\u00f5es em que podemos precisar compartilhar algumas de suas informa\u00e7\u00f5es com terceiros cuidadosamente selecionados que atuam como nossos agentes. As raz\u00f5es para isso incluem o seguinte: para atender \u00e0s necessidades operacionais essenciais enquanto voc\u00ea est\u00e1 cumprindo o seu pedido, como processamento de pagamento, deten\u00e7\u00e3o de fraude, valida\u00e7\u00e3o de dados; fornecer informa\u00e7\u00f5es necess\u00e1rias aos nossos fornecedores e tamb\u00e9m aos servi\u00e7os de expedi\u00e7\u00e3o.<\/p>\n\n\n\n<p class=\"\">Voc\u00ea tem o direito de obter livremente informa\u00e7\u00f5es sobre o uso de seus dados. A qualquer momento, voc\u00ea pode fazer altera\u00e7\u00f5es em seus dados e tamb\u00e9m elimin\u00e1-los. Pode faz\u00ea-lo na sec\u00e7\u00e3o da sua conta ou pode enviar um email para <a href=\"mailto:info@majericon.com\">info@majericon.com<\/a> informando que pretende eliminar os seus dados de \nMajericon<\/p>\n\n\n\n<h4 class=\"wp-block-heading\">7. Seguran\u00e7a de seus dados pessoais<\/h4>\n\n\n\n<p class=\"\">Majericon, utiliza medidas de seguran\u00e7a padr\u00e3o para evitar que os seus dados possam ser vistos ou utilizados por terceiros n\u00e3o autorizados. Com excep\u00e7\u00e3o da culpa grave, Majericon\n n\u00e3o \u00e9 respons\u00e1vel por qualquer dano que possa ocorrer em rela\u00e7\u00e3o \u00e0 perda, acesso proibido, ou altera\u00e7\u00f5es de seus dados pessoais. A culpa ser\u00e1 na fraude dos terceiros n\u00e3o autorizados.<\/p>\n\n\n\n<h4 class=\"wp-block-heading\">8. Atualiza\u00e7\u00f5es<\/h4>\n\n\n\n<p class=\"\">Majericon pode ocasionalmente se necess\u00e1rio alterar esta pol\u00edtica de tempos em tempos, portanto, voc\u00ea pode querer verificar esta p\u00e1gina periodicamente para garantir que est\u00e1 atualizado.<\/p>","protected":false},"excerpt":{"rendered":"<p>1. Responsibility for the information we collect about you Majericon, owned by Jos\u00e9 Fernando M\u00edguez Veiras, with address at Rua do Cardal da Gra\u00e7a, 3, in Lisbon a, and with tax identification number 264707419, hereinafter referred to as Majericon, is responsible for collecting your personal information and undertakes to use it respecting your privacy and&hellip;&nbsp;<a href=\"https:\/\/majericon.com\/pt\/policy_privacy\" rel=\"bookmark\">Ler mais &raquo;<span class=\"screen-reader-text\">Pol\u00edtica de Privacidade<\/span><\/a><\/p>","protected":false},"author":1,"featured_media":0,"parent":0,"menu_order":0,"comment_status":"closed","ping_status":"closed","template":"","meta":{"nf_dc_page":"","_monsterinsights_skip_tracking":false,"_monsterinsights_sitenote_active":false,"_monsterinsights_sitenote_note":"","_monsterinsights_sitenote_category":0,"neve_meta_sidebar":"","neve_meta_container":"","neve_meta_enable_content_width":"","neve_meta_content_width":0,"neve_meta_title_alignment":"","neve_meta_author_avatar":"","neve_post_elements_order":"","neve_meta_disable_header":"","neve_meta_disable_footer":"","neve_meta_disable_title":"off","_themeisle_gutenberg_block_has_review":false,"jetpack_post_was_ever_published":false,"footnotes":""},"class_list":["post-2409","page","type-page","status-publish","hentry"],"aioseo_notices":[],"jetpack_sharing_enabled":true,"_links":{"self":[{"href":"https:\/\/majericon.com\/pt\/wp-json\/wp\/v2\/pages\/2409","targetHints":{"allow":["GET"]}}],"collection":[{"href":"https:\/\/majericon.com\/pt\/wp-json\/wp\/v2\/pages"}],"about":[{"href":"https:\/\/majericon.com\/pt\/wp-json\/wp\/v2\/types\/page"}],"author":[{"embeddable":true,"href":"https:\/\/majericon.com\/pt\/wp-json\/wp\/v2\/users\/1"}],"replies":[{"embeddable":true,"href":"https:\/\/majericon.com\/pt\/wp-json\/wp\/v2\/comments?post=2409"}],"version-history":[{"count":5,"href":"https:\/\/majericon.com\/pt\/wp-json\/wp\/v2\/pages\/2409\/revisions"}],"predecessor-version":[{"id":2470,"href":"https:\/\/majericon.com\/pt\/wp-json\/wp\/v2\/pages\/2409\/revisions\/2470"}],"wp:attachment":[{"href":"https:\/\/majericon.com\/pt\/wp-json\/wp\/v2\/media?parent=2409"}],"curies":[{"name":"wp","href":"https:\/\/api.w.org\/{rel}","templated":true}]}}