{"id":2157,"date":"2024-01-15T18:11:06","date_gmt":"2024-01-15T17:11:06","guid":{"rendered":"https:\/\/majericon.com\/?page_id=2157"},"modified":"2024-03-21T11:01:41","modified_gmt":"2024-03-21T10:01:41","slug":"aboutus","status":"publish","type":"page","link":"https:\/\/majericon.com\/pt\/aboutus\/","title":{"rendered":"Sobre n\u00f3s"},"content":{"rendered":"<div id=\"wp-block-themeisle-blocks-advanced-columns-628b835d\" class=\"has-light-bg wp-block-themeisle-blocks-advanced-columns alignfull has-2-columns has-desktop-equal-layout has-tablet-equal-layout has-mobile-collapsedRows-layout has-vertical-center\"><div class=\"wp-block-themeisle-blocks-advanced-columns-overlay\"><\/div><div class=\"innerblocks-wrap\">\n<div id=\"wp-block-themeisle-blocks-advanced-column-e92e252c\" class=\"wp-block-themeisle-blocks-advanced-column\"><div class=\"wp-block-image is-resized\">\n<figure class=\"aligncenter size-large\"><img data-recalc-dims=\"1\" decoding=\"async\" src=\"https:\/\/i0.wp.com\/www.majericon.com\/images\/aboutus_livros_l.jpg?w=1200&#038;ssl=1\" alt=\"Livros publicados pela Majericon: Azulejos Padr\u00e3o - Lisboa \u00c0s Voltas por Lisboa Ovo Lisboa o guia ilustrado\" style=\"width:545px;height:auto\"\/><\/figure>\n<\/div><\/div>\n\n\n\n<div id=\"wp-block-themeisle-blocks-advanced-column-0123c61e\" class=\"ticss-44eccd86 wp-block-themeisle-blocks-advanced-column\">\n<h2 class=\"wp-block-heading\">Nossa historia<\/h2>\n\n\n\n<p class=\"has-text-align-left\">Tendo ambos trabalhado em escrit\u00f3rios por anos, Fernando e Amir decidiram que era hora de fazer algo que eles eram apaixonados. Depois de uma viagem de mochila de quase 3 meses pela Am\u00e9rica Central, voltaram para Lisboa e come\u00e7aram a trabalhar na cria\u00e7\u00e3o de um livro cada um. Conseguindo cobrir os custos de impress\u00e3o por meio de crowdfunding, a Majericon deu origem \u00e0s suas 2 primeiras publica\u00e7\u00f5es - um livro fotogr\u00e1fico de azulejos e um guia ilustrado a finais de 2017.<\/p>\n<\/div>\n<\/div><\/div>\n\n\n\n<p class=\"\"><\/p>\n\n\n\n<h2 class=\"wp-block-heading\">Quem somos<\/h2>\n\n\n\n<div id=\"wp-block-themeisle-blocks-advanced-columns-718168e2\" class=\"wp-block-themeisle-blocks-advanced-columns alignfull has-2-columns has-desktop-equal-layout has-tablet-equal-layout has-mobile-collapsedRows-layout has-vertical-center\"><div class=\"wp-block-themeisle-blocks-advanced-columns-overlay\"><\/div><div class=\"innerblocks-wrap\">\n<div id=\"wp-block-themeisle-blocks-advanced-column-94f99e77\" class=\"wp-block-themeisle-blocks-advanced-column\">\n<p class=\"has-text-align-left\"><strong><a href=\"https:\/\/www.amirafendras.com\/\">Amir-Alexandros Afendras<\/a><\/strong>&nbsp;\u00e9 um designer gr\u00e1fico e ilustrador Grego-Malaio. Depois de estudar Design de Comunica\u00e7\u00e3o em Melbourne, trabalhou em publicidade em Om\u00e3 e depois especializou-se em apresenta\u00e7\u00f5es corporativas. Actualmente est\u00e1 concentrado em projetos que envolvem a sua maior paix\u00e3o: a ilustra\u00e7\u00e3o.<\/p>\n\n\n\n<div class=\"wp-block-columns is-layout-flex wp-container-core-columns-is-layout-9d6595d7 wp-block-columns-is-layout-flex\">\n<div class=\"wp-block-column is-layout-flow wp-block-column-is-layout-flow\">\n<figure class=\"wp-block-image size-large\"><a href=\"https:\/\/majericon.com\/product\/lisboa_o_guia_ilustrado\/\"><img data-recalc-dims=\"1\" decoding=\"async\" src=\"https:\/\/i0.wp.com\/www.majericon.com\/images\/livro_guia_s.jpg?w=1200&#038;ssl=1\" alt=\"\"\/><\/a><\/figure>\n<\/div>\n\n\n\n<div class=\"wp-block-column is-layout-flow wp-block-column-is-layout-flow\">\n<figure class=\"wp-block-image size-large\"><a href=\"https:\/\/majericon.com\/product\/ovo\"><img data-recalc-dims=\"1\" decoding=\"async\" src=\"https:\/\/i0.wp.com\/www.majericon.com\/images\/livro_ovo_s.jpg?w=1200&#038;ssl=1\" alt=\"\"\/><\/a><\/figure>\n<\/div>\n<\/div>\n\n\n\n<div id=\"wp-block-themeisle-blocks-button-group-8d762f72\" class=\"wp-block-themeisle-blocks-button-group collapse-desktop wp-block-buttons align-center\">\n<div id=\"wp-block-themeisle-blocks-button-f856dffd\" class=\"wp-block-themeisle-blocks-button wp-block-button\"><a href=\"https:\/\/www.amirafendras.com\/\" target=\"_blank\" rel=\"noopener noreferrer\" class=\"wp-block-button__link\"><span>P\u00c1GINA WEB<\/span><\/a><\/div>\n<\/div>\n<\/div>\n\n\n\n<div id=\"wp-block-themeisle-blocks-advanced-column-a11ccd3e\" class=\"ticss-44eccd86 wp-block-themeisle-blocks-advanced-column\">\n<p class=\"has-text-align-left\"><strong>Fernando Veiras<\/strong>\u00a0\u00e9 um fotografo nascido na Galiza que passou a sua inf\u00e2ncia e estudou na Su\u00ed\u00e7a. Depois de regressar a Espanha, acabou em Lisboa donde vive h\u00e1 mais de 20 anos. Trabalhou em muitos campos, mas a sua maior paix\u00e3o foi sempre a fotografia. Foi-lhe dada uma m\u00e1quina fotogr\u00e1fica quando era crian\u00e7a e tem vindo a fotografar desde ent\u00e3o!<\/p>\n\n\n\n<div class=\"wp-block-columns is-layout-flex wp-container-core-columns-is-layout-9d6595d7 wp-block-columns-is-layout-flex\">\n<div class=\"wp-block-column is-layout-flow wp-block-column-is-layout-flow\">\n<figure class=\"wp-block-image size-large\"><a href=\"https:\/\/majericon.com\/product\/azulejos_padrao_lisboa\"><img data-recalc-dims=\"1\" decoding=\"async\" src=\"https:\/\/i0.wp.com\/www.majericon.com\/images\/livro_azulejos_s.jpg?w=1200&#038;ssl=1\" alt=\"\"\/><\/a><\/figure>\n<\/div>\n\n\n\n<div class=\"wp-block-column is-layout-flow wp-block-column-is-layout-flow\">\n<figure class=\"wp-block-image size-large\"><a href=\"https:\/\/majericon.com\/product\/as_voltas_por_lisboa\"><img data-recalc-dims=\"1\" decoding=\"async\" src=\"https:\/\/i0.wp.com\/www.majericon.com\/images\/livro_asvoltas_s.jpg?w=1200&#038;ssl=1\" alt=\"\"\/><\/a><\/figure>\n<\/div>\n<\/div>\n<\/div>\n<\/div><\/div>\n\n\n\n<div id=\"wp-block-themeisle-blocks-advanced-columns-824dd3c0\" class=\"has-light-bg wp-block-themeisle-blocks-advanced-columns alignfull has-1-columns has-desktop-equal-layout has-tablet-equal-layout has-mobile-collapsedRows-layout has-vertical-center\"><div class=\"wp-block-themeisle-blocks-advanced-columns-overlay\"><\/div><div class=\"innerblocks-wrap\">\n<div id=\"wp-block-themeisle-blocks-advanced-column-b4663d7f\" class=\"wp-block-themeisle-blocks-advanced-column\">\n<div class=\"wp-block-columns is-layout-flex wp-container-core-columns-is-layout-9d6595d7 wp-block-columns-is-layout-flex\">\n<div class=\"wp-block-column is-layout-flow wp-block-column-is-layout-flow\">\n<figure class=\"wp-block-image size-large\"><img data-recalc-dims=\"1\" decoding=\"async\" src=\"https:\/\/i0.wp.com\/majericon.com\/images\/aboutus_ovo_l.jpg?w=1200&#038;ssl=1\" alt=\"\"\/><\/figure>\n<\/div>\n\n\n\n<div class=\"wp-block-column is-layout-flow wp-block-column-is-layout-flow\">\n<figure class=\"wp-block-image size-large\"><img data-recalc-dims=\"1\" decoding=\"async\" src=\"https:\/\/i0.wp.com\/majericon.com\/images\/aboutus_asvoltas_l.jpg?w=1200&#038;ssl=1\" alt=\"\"\/><\/figure>\n<\/div>\n<\/div>\n<\/div>\n<\/div><\/div>\n\n\n\n<p class=\"has-text-align-center\"><\/p>\n\n\n\n<div class=\"wp-block-columns are-vertically-aligned-bottom is-layout-flex wp-container-core-columns-is-layout-9d6595d7 wp-block-columns-is-layout-flex\">\n<div class=\"wp-block-column is-vertically-aligned-bottom is-layout-flow wp-block-column-is-layout-flow\"><div class=\"wp-block-image is-resized\">\n<figure class=\"aligncenter size-large\"><img data-recalc-dims=\"1\" decoding=\"async\" src=\"https:\/\/i0.wp.com\/majericon.com\/images\/logo_paper.png?w=1200&#038;ssl=1\" alt=\"\" style=\"width:auto;height:50px\"\/><\/figure>\n<\/div>\n\n\n<p class=\"has-text-align-center\"><strong>Papel certificado<\/strong><\/p>\n<\/div>\n\n\n\n<div class=\"wp-block-column is-vertically-aligned-bottom is-layout-flow wp-block-column-is-layout-flow\"><div class=\"wp-block-image is-resized\">\n<figure class=\"aligncenter size-large\"><img data-recalc-dims=\"1\" decoding=\"async\" src=\"https:\/\/i0.wp.com\/majericon.com\/images\/logo_inks.png?w=1200&#038;ssl=1\" alt=\"\" style=\"width:auto;height:50px\"\/><\/figure>\n<\/div>\n\n\n<p class=\"has-text-align-center\"><strong>Tintas ecol\u00f3gicas<\/strong><\/p>\n<\/div>\n\n\n\n<div class=\"wp-block-column is-vertically-aligned-bottom is-layout-flow wp-block-column-is-layout-flow\"><div class=\"wp-block-image is-resized\">\n<figure class=\"aligncenter size-large\"><img data-recalc-dims=\"1\" decoding=\"async\" src=\"https:\/\/i0.wp.com\/majericon.com\/images\/logo_local.png?w=1200&#038;ssl=1\" alt=\"\" style=\"width:auto;height:50px\"\/><\/figure>\n<\/div>\n\n\n<p class=\"has-text-align-center\"><strong>Impresso em Portugal<\/strong><\/p>\n<\/div>\n<\/div>\n\n\n\n<p class=\"has-text-align-center\"><em>Os nossos livros s\u00e3o impressos em Portugal com tintas ecol\u00f3gicas e papel certificado.<\/em><\/p>\n\n\n\n<section id=\"wp-block-themeisle-blocks-advanced-columns-9fd530e9\" class=\"wp-block-themeisle-blocks-advanced-columns alignfull has-3-columns has-desktop-equal-layout has-tablet-equal-layout has-mobile-oneTwoOne-layout has-vertical-center has-vertical-undefined has-light-bg\"><div class=\"wp-block-themeisle-blocks-advanced-columns-overlay\"><\/div><div class=\"innerblocks-wrap\">\n<div id=\"wp-block-themeisle-blocks-advanced-column-cbedf284\" class=\"wp-block-themeisle-blocks-advanced-column\">\n<div class=\"wp-block-themeisle-blocks-service\">\n<div class=\"wp-block-themeisle-blocks-service\">\n<div id=\"wp-block-themeisle-blocks-font-awesome-icons-e5489b99\" class=\"wp-block-themeisle-blocks-font-awesome-icons\"><span class=\"wp-block-themeisle-blocks-font-awesome-icons-container\"><a href=\"https:\/\/www.facebook.com\/majericon\/\" target=\"_self\" rel=\"noopener noreferrer\"><i class=\"fab fa-facebook\"><\/i><\/a><\/span><\/div>\n<\/div>\n<\/div>\n<\/div>\n\n\n\n<div id=\"wp-block-themeisle-blocks-advanced-column-b1a74968\" class=\"wp-block-themeisle-blocks-advanced-column\">\n<div class=\"wp-block-themeisle-blocks-service\">\n<div id=\"wp-block-themeisle-blocks-font-awesome-icons-956b9844\" class=\"wp-block-themeisle-blocks-font-awesome-icons\"><span class=\"wp-block-themeisle-blocks-font-awesome-icons-container\"><a href=\"https:\/\/www.instagram.com\/majericon\/\" target=\"_self\" rel=\"noopener noreferrer\"><i class=\"fab fa-instagram\"><\/i><\/a><\/span><\/div>\n<\/div>\n<\/div>\n\n\n\n<div id=\"wp-block-themeisle-blocks-advanced-column-9bd4b73c\" class=\"wp-block-themeisle-blocks-advanced-column\">\n<div class=\"wp-block-themeisle-blocks-service\">\n<div id=\"wp-block-themeisle-blocks-font-awesome-icons-91241758\" class=\"wp-block-themeisle-blocks-font-awesome-icons\"><span class=\"wp-block-themeisle-blocks-font-awesome-icons-container\"><a href=\"mailto:info@majericon.com\" target=\"_self\" rel=\"noopener noreferrer\"><i class=\"far fa-envelope\"><\/i><\/a><\/span><\/div>\n<\/div>\n<\/div>\n<\/div><\/section>","protected":false},"excerpt":{"rendered":"<p>Quem somos<\/p>","protected":false},"author":3,"featured_media":0,"parent":0,"menu_order":1,"comment_status":"closed","ping_status":"closed","template":"","meta":{"nf_dc_page":"","_monsterinsights_skip_tracking":false,"_monsterinsights_sitenote_active":false,"_monsterinsights_sitenote_note":"","_monsterinsights_sitenote_category":0,"neve_meta_sidebar":"full-width","neve_meta_container":"","neve_meta_enable_content_width":"on","neve_meta_content_width":100,"neve_meta_title_alignment":"center","neve_meta_author_avatar":"","neve_post_elements_order":"","neve_meta_disable_header":"","neve_meta_disable_footer":"","neve_meta_disable_title":"on","_themeisle_gutenberg_block_has_review":false,"jetpack_post_was_ever_published":false,"footnotes":""},"class_list":["post-2157","page","type-page","status-publish","hentry"],"aioseo_notices":[],"jetpack_sharing_enabled":true,"_links":{"self":[{"href":"https:\/\/majericon.com\/pt\/wp-json\/wp\/v2\/pages\/2157","targetHints":{"allow":["GET"]}}],"collection":[{"href":"https:\/\/majericon.com\/pt\/wp-json\/wp\/v2\/pages"}],"about":[{"href":"https:\/\/majericon.com\/pt\/wp-json\/wp\/v2\/types\/page"}],"author":[{"embeddable":true,"href":"https:\/\/majericon.com\/pt\/wp-json\/wp\/v2\/users\/3"}],"replies":[{"embeddable":true,"href":"https:\/\/majericon.com\/pt\/wp-json\/wp\/v2\/comments?post=2157"}],"version-history":[{"count":5,"href":"https:\/\/majericon.com\/pt\/wp-json\/wp\/v2\/pages\/2157\/revisions"}],"predecessor-version":[{"id":2303,"href":"https:\/\/majericon.com\/pt\/wp-json\/wp\/v2\/pages\/2157\/revisions\/2303"}],"wp:attachment":[{"href":"https:\/\/majericon.com\/pt\/wp-json\/wp\/v2\/media?parent=2157"}],"curies":[{"name":"wp","href":"https:\/\/api.w.org\/{rel}","templated":true}]}}